{"id":108,"date":"2023-03-31T15:02:36","date_gmt":"2023-03-31T15:02:36","guid":{"rendered":"https:\/\/www.croatia-first-sailing.com\/?page_id=108"},"modified":"2023-04-18T18:43:32","modified_gmt":"2023-04-18T18:43:32","slug":"rechtliche-seiten","status":"publish","type":"page","link":"https:\/\/www.croatia-first-sailing.com\/de\/rechtliche-seiten\/","title":{"rendered":"Rechtliche Seiten"},"content":{"rendered":"<div class=\"fusion-fullwidth fullwidth-box fusion-builder-row-1 fusion-flex-container has-pattern-background has-mask-background nonhundred-percent-fullwidth non-hundred-percent-height-scrolling\" style=\"--awb-border-radius-top-left:0px;--awb-border-radius-top-right:0px;--awb-border-radius-bottom-right:0px;--awb-border-radius-bottom-left:0px;--awb-flex-wrap:wrap;\" ><div class=\"fusion-builder-row fusion-row fusion-flex-align-items-flex-start fusion-flex-content-wrap\" style=\"max-width:1248px;margin-left: calc(-4% \/ 2 );margin-right: calc(-4% \/ 2 );\"><div class=\"fusion-layout-column fusion_builder_column fusion-builder-column-0 fusion_builder_column_1_1 1_1 fusion-flex-column\" style=\"--awb-bg-size:cover;--awb-width-large:100%;--awb-margin-top-large:0px;--awb-spacing-right-large:1.92%;--awb-margin-bottom-large:20px;--awb-spacing-left-large:1.92%;--awb-width-medium:100%;--awb-order-medium:0;--awb-spacing-right-medium:1.92%;--awb-spacing-left-medium:1.92%;--awb-width-small:100%;--awb-order-small:0;--awb-spacing-right-small:1.92%;--awb-spacing-left-small:1.92%;\"><div class=\"fusion-column-wrapper fusion-column-has-shadow fusion-flex-justify-content-flex-start fusion-content-layout-column\"><div class=\"fusion-text fusion-text-1\"><h1>Rechtliche Seiten<\/h1>\n<p>Willkommen auf den rechtlichen Seiten von https:\/\/www.croatia-first-sailing.com\/. Um Ihnen den bestm\u00f6glichen Service und Schutz zu gew\u00e4hrleisten, haben wir verschiedene rechtliche Dokumente erstellt, die unsere Gesch\u00e4ftsbedingungen, Datenschutzrichtlinien, Cookie-Richtlinien und Haftungsausschl\u00fcsse erkl\u00e4ren. Bitte nehmen Sie sich die Zeit, die folgenden Dokumente durchzulesen, um sicherzustellen, dass Sie unsere Gesch\u00e4ftspraktiken und den Schutz Ihrer pers\u00f6nlichen Daten verstehen.<\/p>\n<ul>\n<li><span style=\"text-decoration: underline;\"><span style=\"color: #ff0000;\"><a style=\"color: #ff0000; text-decoration: underline;\" href=\"https:\/\/www.croatia-first-sailing.com\/rechtliche-seiten\/impressum\/\">Impressum<\/a><\/span><\/span><br \/>\nIn unserem Impressum finden Sie Informationen \u00fcber den Betreiber der Website und Kontaktinformationen<\/li>\n<li><span style=\"text-decoration: underline; color: #ff0000;\"><a style=\"color: #ff0000; text-decoration: underline;\" href=\"https:\/\/www.croatia-first-sailing.com\/rechtliche-seiten\/allgemeine-geschaeftsbedingungen\/\">Allgemeine Gesch\u00e4ftsbedingungen<\/a> (AGB)<\/span><br \/>\nUnsere Allgemeinen Gesch\u00e4ftsbedingungen enthalten wichtige Informationen \u00fcber die Nutzung unserer Website und die Bedingungen, unter denen wir unsere Dienstleistungen anbieten.<\/li>\n<li><span style=\"text-decoration: underline; color: #ff0000;\"><a style=\"color: #ff0000; text-decoration: underline;\" href=\"https:\/\/www.croatia-first-sailing.com\/rechtliche-seiten\/datenschutzrichtlinie\/\">Datenschutzrichtlinie<\/a><\/span><br \/>\nUnsere Datenschutzrichtlinie erkl\u00e4rt, wie wir Ihre pers\u00f6nlichen Daten erfassen, verwenden, sch\u00fctzen und offenlegen, wenn Sie unsere Website nutzen oder unsere Dienstleistungen in Anspruch nehmen.<\/li>\n<li><span style=\"text-decoration: underline; color: #ff0000;\"><a style=\"color: #ff0000; text-decoration: underline;\" href=\"https:\/\/www.croatia-first-sailing.com\/rechtliche-seiten\/cookie-richtlinie\/\">Cookie-Richtlinie<\/a><\/span><br \/>\nUnsere Cookie-Richtlinie beschreibt, welche Cookies auf unserer Website verwendet werden, wie sie verwendet werden und wie Sie Ihre Cookie-Einstellungen anpassen k\u00f6nnen.<\/li>\n<li><span style=\"text-decoration: underline; color: #ff0000;\"><a style=\"color: #ff0000; text-decoration: underline;\" href=\"https:\/\/www.croatia-first-sailing.com\/rechtliche-seiten\/haftungsausschluss\/\">Haftungsausschluss<\/a><\/span><br \/>\nDer Haftungsausschluss enth\u00e4lt Informationen zur Haftung f\u00fcr Inhalte, Links und Urheberrecht auf unserer Website.<\/li>\n<\/ul>\n<p>Wenn Sie Fragen zu unseren rechtlichen Dokumenten oder Anliegen bez\u00fcglich unserer Dienstleistungen haben, z\u00f6gern Sie bitte nicht, uns zu kontaktieren.<\/p>\n<\/div><\/div><\/div><\/div><\/div>\n","protected":false},"excerpt":{"rendered":"","protected":false},"author":1,"featured_media":0,"parent":0,"menu_order":0,"comment_status":"closed","ping_status":"closed","template":"100-width.php","meta":{"_acf_changed":false,"footnotes":""},"class_list":["post-108","page","type-page","status-publish","hentry"],"acf":[],"_links":{"self":[{"href":"https:\/\/www.croatia-first-sailing.com\/de\/wp-json\/wp\/v2\/pages\/108","targetHints":{"allow":["GET"]}}],"collection":[{"href":"https:\/\/www.croatia-first-sailing.com\/de\/wp-json\/wp\/v2\/pages"}],"about":[{"href":"https:\/\/www.croatia-first-sailing.com\/de\/wp-json\/wp\/v2\/types\/page"}],"author":[{"embeddable":true,"href":"https:\/\/www.croatia-first-sailing.com\/de\/wp-json\/wp\/v2\/users\/1"}],"replies":[{"embeddable":true,"href":"https:\/\/www.croatia-first-sailing.com\/de\/wp-json\/wp\/v2\/comments?post=108"}],"version-history":[{"count":3,"href":"https:\/\/www.croatia-first-sailing.com\/de\/wp-json\/wp\/v2\/pages\/108\/revisions"}],"predecessor-version":[{"id":237,"href":"https:\/\/www.croatia-first-sailing.com\/de\/wp-json\/wp\/v2\/pages\/108\/revisions\/237"}],"wp:attachment":[{"href":"https:\/\/www.croatia-first-sailing.com\/de\/wp-json\/wp\/v2\/media?parent=108"}],"curies":[{"name":"wp","href":"https:\/\/api.w.org\/{rel}","templated":true}]}}