{"id":226,"date":"2023-04-18T17:02:32","date_gmt":"2023-04-18T17:02:32","guid":{"rendered":"https:\/\/www.croatia-first-sailing.com\/?page_id=226"},"modified":"2023-04-18T17:02:32","modified_gmt":"2023-04-18T17:02:32","slug":"allgemeine-geschaeftsbedingungen","status":"publish","type":"page","link":"https:\/\/www.croatia-first-sailing.com\/en\/rechtliche-seiten\/allgemeine-geschaeftsbedingungen\/","title":{"rendered":"General Terms and Conditions"},"content":{"rendered":"<div class=\"fusion-fullwidth fullwidth-box fusion-builder-row-1 fusion-flex-container has-pattern-background has-mask-background nonhundred-percent-fullwidth non-hundred-percent-height-scrolling\" style=\"--awb-border-radius-top-left:0px;--awb-border-radius-top-right:0px;--awb-border-radius-bottom-right:0px;--awb-border-radius-bottom-left:0px;--awb-flex-wrap:wrap;\" ><div class=\"fusion-builder-row fusion-row fusion-flex-align-items-flex-start fusion-flex-content-wrap\" style=\"max-width:1248px;margin-left: calc(-4% \/ 2 );margin-right: calc(-4% \/ 2 );\"><div class=\"fusion-layout-column fusion_builder_column fusion-builder-column-0 fusion_builder_column_1_1 1_1 fusion-flex-column\" style=\"--awb-bg-size:cover;--awb-width-large:100%;--awb-margin-top-large:0px;--awb-spacing-right-large:1.92%;--awb-margin-bottom-large:20px;--awb-spacing-left-large:1.92%;--awb-width-medium:100%;--awb-order-medium:0;--awb-spacing-right-medium:1.92%;--awb-spacing-left-medium:1.92%;--awb-width-small:100%;--awb-order-small:0;--awb-spacing-right-small:1.92%;--awb-spacing-left-small:1.92%;\"><div class=\"fusion-column-wrapper fusion-column-has-shadow fusion-flex-justify-content-flex-start fusion-content-layout-column\"><div class=\"fusion-text fusion-text-1\"><p><span style=\"float: right; margin-top: 21px;\">Letzte Aktualisierung: 18. 04. 2023<\/span><\/p>\n<h1>General Terms and Conditions<\/h1>\n<h2>1. Geltungsbereich<\/h2>\n<p>Diese Allgemeinen Gesch\u00e4ftsbedingungen (AGB) gelten f\u00fcr alle Vertr\u00e4ge, die \u00fcber die Website https:\/\/www.croatia-first-sailing.com\/ (im Folgenden &#8222;Website&#8220;) zwischen &#8222;Jedrite s nama d.o.o.&#8220; (\u201ewir\u201c, \u201euns\u201c oder \u201eunser\u201c) und Ihnen als Kunden abgeschlossen werden.<\/p>\n<h2>2. Vertragspartner<\/h2>\n<p>Der Vertragspartner f\u00fcr alle Leistungen, die \u00fcber die Website gebucht werden, ist:<\/p>\n<p>Jedrite s nama d.o.o.<br \/>\nGaj1, 21432 Stomorska, Kroatien<br \/>\nTelefon: +385915074315<br \/>\nE-Mail: info@croatia-first-sailing.com<br \/>\npjero.novakovic@gmail.com<\/p>\n<h2>3. Vertragsschluss<\/h2>\n<p>Durch das Absenden einer Reservierungsanfrage \u00fcber die Website oder per E-Mail oder Telefon geben Sie ein verbindliches Angebot zum Abschluss eines Vertrags mit uns ab. Der Vertrag kommt zustande, wenn wir Ihre Reservierungsanfrage ausdr\u00fccklich annehmen oder die Reservierung best\u00e4tigen.<\/p>\n<h2>4. Reservierungen<\/h2>\n<p>Reservierungen k\u00f6nnen \u00fcber die Website, per E-Mail oder Telefon vorgenommen werden. Die Reservierungen betreffen ausschlie\u00dflich die Yacht, die auf unserer Website angeboten wird und bei &#8222;Jedrite s nama d.o.o.&#8220; registriert ist. Wir behalten uns das Recht vor, Reservierungen nach eigenem Ermessen abzulehnen.<\/p>\n<h2>5. Zahlungsbedingungen<\/h2>\n<p>Die Zahlungsbedingungen werden individuell zwischen Ihnen und uns vereinbart. Bitte stellen Sie sicher, dass Sie die Zahlungsbedingungen vor der Reservierung \u00fcberpr\u00fcfen und akzeptieren.<\/p>\n<h2>6. Stornierung und R\u00fcckerstattung<\/h2>\n<p>Die Stornierungs- und R\u00fcckerstattungsbedingungen werden individuell zwischen Ihnen und uns vereinbart. Bitte stellen Sie sicher, dass Sie diese Bedingungen vor der Reservierung \u00fcberpr\u00fcfen und akzeptieren.<\/p>\n<h2>7. Haftungsbeschr\u00e4nkung<\/h2>\n<p>Unsere Haftung f\u00fcr Sch\u00e4den, die Ihnen durch die Nutzung unserer Website oder unsere Leistungen entstehen, ist auf Vorsatz oder grobe Fahrl\u00e4ssigkeit beschr\u00e4nkt. F\u00fcr leichte Fahrl\u00e4ssigkeit haften wir nur bei Verletzung einer wesentlichen Vertragspflicht (Kardinalpflicht) und nur in H\u00f6he des vorhersehbaren, vertragstypischen Schadens.<\/p>\n<h2>8. Datenschutz<\/h2>\n<p>Wir nehmen den Schutz Ihrer personenbezogenen Daten sehr ernst. Informationen zur Erhebung, Verarbeitung und Nutzung Ihrer personenbezogenen Daten finden Sie in unserer Datenschutzrichtlinie.<\/p>\n<h2>9. Anwendbares Recht<\/h2>\n<p>Diese AGB und alle Vertr\u00e4ge, die aufgrund dieser AGB abgeschlossen werden, unterliegen dem Recht der Republik Kroatien unter Ausschluss des UN-Kaufrechts.<\/p>\n<h2>10. \u00c4nderungen der AGB<\/h2>\n<p>Wir behalten uns das Recht vor, diese AGB von Zeit zu Zeit zu \u00e4ndern, um aktuellen rechtlichen oder technischen Anforderungen gerecht zu werden. Die jeweils aktuelle Fassung der AGB ist auf unserer Website verf\u00fcgbar. Wir empfehlen Ihnen, diese regelm\u00e4\u00dfig zu \u00fcberpr\u00fcfen, um \u00fcber \u00c4nderungen informiert zu sein.<\/p>\n<h2>11. Kontakt<\/h2>\n<p>Wenn Sie Fragen oder Anliegen bez\u00fcglich unserer Allgemeinen Gesch\u00e4ftsbedingungen haben, k\u00f6nnen Sie uns unter den folgenden Kontaktdaten erreichen:<\/p>\n<p>Jedrite s nama d.o.o.<br \/>\nGaj1, 21432 Stomorska, Kroatien<br \/>\nTelefon: +385915074315<br \/>\nE-Mail: info@croatia-first-sailing.com<br \/>\npjero.novakovic@gmail.com<\/p>\n<p>Bei Fragen zur Website k\u00f6nnen Sie sich auch an Tiaro Digital Agency wenden:<\/p>\n<p>E-Mail: privacy.officer@tiaro.ba oder info@tiaro.ba<br \/>\nWebsite: https:\/\/www.tiaro.ba<\/p>\n<h2>12. Schlussbestimmungen<\/h2>\n<p>Sollten einzelne Bestimmungen dieser Allgemeinen Gesch\u00e4ftsbedingungen unwirksam oder undurchf\u00fchrbar sein oder werden, bleibt die Wirksamkeit der \u00fcbrigen Bestimmungen davon unber\u00fchrt. Anstelle der unwirksamen oder undurchf\u00fchrbaren Bestimmung soll eine Regelung gelten, die dem wirtschaftlichen Zweck der unwirksamen oder undurchf\u00fchrbaren Bestimmung am n\u00e4chsten kommt.<\/p>\n<\/div><\/div><\/div><\/div><\/div>","protected":false},"excerpt":{"rendered":"","protected":false},"author":1,"featured_media":0,"parent":108,"menu_order":0,"comment_status":"closed","ping_status":"closed","template":"100-width.php","meta":{"_acf_changed":false,"footnotes":""},"class_list":["post-226","page","type-page","status-publish","hentry"],"acf":[],"_links":{"self":[{"href":"https:\/\/www.croatia-first-sailing.com\/en\/wp-json\/wp\/v2\/pages\/226","targetHints":{"allow":["GET"]}}],"collection":[{"href":"https:\/\/www.croatia-first-sailing.com\/en\/wp-json\/wp\/v2\/pages"}],"about":[{"href":"https:\/\/www.croatia-first-sailing.com\/en\/wp-json\/wp\/v2\/types\/page"}],"author":[{"embeddable":true,"href":"https:\/\/www.croatia-first-sailing.com\/en\/wp-json\/wp\/v2\/users\/1"}],"replies":[{"embeddable":true,"href":"https:\/\/www.croatia-first-sailing.com\/en\/wp-json\/wp\/v2\/comments?post=226"}],"version-history":[{"count":1,"href":"https:\/\/www.croatia-first-sailing.com\/en\/wp-json\/wp\/v2\/pages\/226\/revisions"}],"predecessor-version":[{"id":227,"href":"https:\/\/www.croatia-first-sailing.com\/en\/wp-json\/wp\/v2\/pages\/226\/revisions\/227"}],"up":[{"embeddable":true,"href":"https:\/\/www.croatia-first-sailing.com\/en\/wp-json\/wp\/v2\/pages\/108"}],"wp:attachment":[{"href":"https:\/\/www.croatia-first-sailing.com\/en\/wp-json\/wp\/v2\/media?parent=226"}],"curies":[{"name":"wp","href":"https:\/\/api.w.org\/{rel}","templated":true}]}}