{"id":88,"date":"2023-03-31T14:12:41","date_gmt":"2023-03-31T14:12:41","guid":{"rendered":"https:\/\/www.croatia-first-sailing.com\/?page_id=88"},"modified":"2023-03-31T15:45:05","modified_gmt":"2023-03-31T15:45:05","slug":"kontakt","status":"publish","type":"page","link":"https:\/\/www.croatia-first-sailing.com\/es\/kontakt\/","title":{"rendered":"Contacto"},"content":{"rendered":"<div class=\"fusion-fullwidth fullwidth-box fusion-builder-row-1 fusion-flex-container has-pattern-background has-mask-background nonhundred-percent-fullwidth non-hundred-percent-height-scrolling\" style=\"--awb-border-sizes-top:1px;--awb-border-sizes-bottom:1px;--awb-border-sizes-left:1px;--awb-border-sizes-right:1px;--awb-border-color:#d5d5d5;--awb-border-radius-top-left:21px;--awb-border-radius-top-right:5px;--awb-border-radius-bottom-right:21px;--awb-border-radius-bottom-left:5px;--awb-overflow:hidden;--awb-padding-top:0px;--awb-padding-right:0px;--awb-padding-bottom:0px;--awb-padding-left:0px;--awb-flex-wrap:wrap;--awb-box-shadow:10px 0px 50px -2px rgba(0,0,0,0.15);\" ><div class=\"fusion-builder-row fusion-row fusion-flex-align-items-flex-start fusion-flex-content-wrap\" style=\"max-width:1248px;margin-left: calc(-4% \/ 2 );margin-right: calc(-4% \/ 2 );\"><div class=\"fusion-layout-column fusion_builder_column fusion-builder-column-0 fusion_builder_column_1_2 1_2 fusion-flex-column fusion-flex-align-self-stretch\" style=\"--awb-padding-top:21px;--awb-padding-right:21px;--awb-padding-bottom:21px;--awb-padding-left:21px;--awb-bg-image:linear-gradient(180deg, rgba(0,0,0,0.8) 0%,rgba(0,0,0,0.8) 100%);;--awb-bg-size:cover;--awb-width-large:50%;--awb-margin-top-large:0px;--awb-spacing-right-large:3.84%;--awb-margin-bottom-large:0px;--awb-spacing-left-large:3.84%;--awb-width-medium:50%;--awb-order-medium:0;--awb-spacing-right-medium:3.84%;--awb-spacing-left-medium:3.84%;--awb-width-small:100%;--awb-order-small:0;--awb-spacing-right-small:1.92%;--awb-spacing-left-small:1.92%;\" data-scroll-devices=\"small-visibility,medium-visibility,large-visibility\"><div class=\"fusion-column-wrapper lazyload fusion-column-has-shadow fusion-flex-justify-content-flex-start fusion-content-layout-column fusion-column-has-bg-image\" data-bg-url=\"https:\/\/www.croatia-first-sailing.com\/wp-content\/uploads\/2023\/03\/croatia-first-sailing-gallery-10.png\" data-bg=\"https:\/\/www.croatia-first-sailing.com\/wp-content\/uploads\/2023\/03\/croatia-first-sailing-gallery-10.png\" data-bg-gradient=\"linear-gradient(180deg, rgba(0,0,0,0.8) 0%,rgba(0,0,0,0.8) 100%)\"><div class=\"fusion-title title fusion-title-1 fusion-sep-none fusion-title-text fusion-title-size-two\" style=\"--awb-text-color:var(--awb-color4);\"><h2 class=\"fusion-title-heading title-heading-left\" style=\"margin:0;\">Nuestros datos de contacto<\/h2><\/div><div class=\"fusion-content-boxes content-boxes columns row fusion-columns-1 fusion-columns-total-3 fusion-content-boxes-1 content-boxes-icon-on-side content-left\" style=\"--awb-body-color:var(--awb-color1);--awb-title-color:var(--awb-color4);--awb-hover-accent-color:var(--awb-color4);--awb-circle-hover-accent-color:var(--awb-color4);--awb-item-margin-bottom:40px;\" data-animationoffset=\"top-into-view\"><div style=\"--awb-backgroundcolor:rgba(255,255,255,0);--awb-content-padding-left:68px;\" class=\"fusion-column content-box-column content-box-column content-box-column-1 col-lg-12 col-md-12 col-sm-12 fusion-content-box-hover content-box-column-last-in-row\"><div class=\"col content-box-wrapper content-wrapper link-area-link-icon icon-hover-animation-fade\" data-animationoffset=\"top-into-view\"><div class=\"heading heading-with-icon icon-left\"><div class=\"icon\"><i style=\"border-color:var(--awb-color8);border-width:0px;background-color:var(--awb-color5);box-sizing:content-box;height:48px;width:48px;line-height:48px;border-radius:13px;font-size:24px;\" aria-hidden=\"true\" class=\"fontawesome-icon fa-map-marked-alt fas circle-yes\"><\/i><\/div><h2 class=\"content-box-heading\" style=\"--h2_typography-font-size:24px;line-height:29px;padding-left:68px;\">Direcci\u00f3n<\/h2><\/div><div class=\"fusion-clearfix\"><\/div><div class=\"content-container\">\n<p>Gaj 1, Stromorska, Croacia<\/p>\n<\/div><\/div><\/div><div style=\"--awb-backgroundcolor:rgba(255,255,255,0);--awb-content-padding-left:68px;\" class=\"fusion-column content-box-column content-box-column content-box-column-2 col-lg-12 col-md-12 col-sm-12 fusion-content-box-hover content-box-column-last-in-row\"><div class=\"col content-box-wrapper content-wrapper link-area-link-icon icon-hover-animation-fade\" data-animationoffset=\"top-into-view\"><div class=\"heading heading-with-icon icon-left\"><div class=\"icon\"><i style=\"border-color:var(--awb-color8);border-width:0px;background-color:var(--awb-color5);box-sizing:content-box;height:48px;width:48px;line-height:48px;border-radius:13px;font-size:24px;\" aria-hidden=\"true\" class=\"fontawesome-icon mechanic-mobile circle-yes\"><\/i><\/div><h2 class=\"content-box-heading\" style=\"--h2_typography-font-size:24px;line-height:29px;padding-left:68px;\">N\u00famero de tel\u00e9fono<\/h2><\/div><div class=\"fusion-clearfix\"><\/div><div class=\"content-container\">\n<p>+385915074315<\/p>\n<\/div><\/div><\/div><div style=\"--awb-backgroundcolor:rgba(255,255,255,0);--awb-content-padding-left:68px;\" class=\"fusion-column content-box-column content-box-column content-box-column-3 col-lg-12 col-md-12 col-sm-12 fusion-content-box-hover content-box-column-last content-box-column-last-in-row\"><div class=\"col content-box-wrapper content-wrapper link-area-link-icon icon-hover-animation-fade\" data-animationoffset=\"top-into-view\"><div class=\"heading heading-with-icon icon-left\"><div class=\"icon\"><i style=\"border-color:var(--awb-color8);border-width:0px;background-color:var(--awb-color5);box-sizing:content-box;height:48px;width:48px;line-height:48px;border-radius:13px;font-size:24px;\" aria-hidden=\"true\" class=\"fontawesome-icon fa-at fas circle-yes\"><\/i><\/div><h2 class=\"content-box-heading\" style=\"--h2_typography-font-size:24px;line-height:29px;padding-left:68px;\">Correo electr\u00f3nico<\/h2><\/div><div class=\"fusion-clearfix\"><\/div><div class=\"content-container\">\n<p>info@croatia-first-sailing.com<\/p>\n<p>pjero.novakovic@gmail.com<\/p>\n<\/div><\/div><\/div><div class=\"fusion-clearfix\"><\/div><\/div><\/div><\/div><div class=\"fusion-layout-column fusion_builder_column fusion-builder-column-1 fusion_builder_column_1_2 1_2 fusion-flex-column\" style=\"--awb-padding-top:21px;--awb-padding-right:21px;--awb-padding-bottom:21px;--awb-padding-left:21px;--awb-bg-size:cover;--awb-width-large:50%;--awb-margin-top-large:0px;--awb-spacing-right-large:3.84%;--awb-margin-bottom-large:0px;--awb-spacing-left-large:3.84%;--awb-width-medium:50%;--awb-order-medium:0;--awb-spacing-right-medium:3.84%;--awb-spacing-left-medium:3.84%;--awb-width-small:100%;--awb-order-small:0;--awb-spacing-right-small:1.92%;--awb-spacing-left-small:1.92%;\" data-scroll-devices=\"small-visibility,medium-visibility,large-visibility\"><div class=\"fusion-column-wrapper fusion-column-has-shadow fusion-flex-justify-content-flex-start fusion-content-layout-column\"><div class=\"fusion-title title fusion-title-2 fusion-sep-none fusion-title-text fusion-title-size-two\" style=\"--awb-text-color:var(--awb-color4);\"><h2 class=\"fusion-title-heading title-heading-left\" style=\"margin:0;\">Cont\u00e1ctenos<\/h2><\/div><div class=\"fusion-form fusion-form-builder fusion-form-form-wrapper fusion-form-91\" style=\"--awb-tooltip-text-color:var(--awb-color1);--awb-tooltip-background-color:var(--awb-color8);--awb-form-bg-color:var(--awb-color1);--awb-form-placeholder-color:hsla(var(--awb-color8-h),var(--awb-color8-s),var(--awb-color8-l),calc(var(--awb-color8-a) - 30%));--awb-form-text-color:var(--awb-color8);--awb-form-label-color:var(--awb-color8);--awb-form-border-color:hsla(var(--awb-color3-h),calc(var(--awb-color3-s) - 100%),var(--awb-color3-l),var(--awb-color3-a));--awb-form-focus-border-color:var(--awb-color4);--awb-form-focus-border-hover-color:hsla(var(--awb-color4-h),var(--awb-color4-s),var(--awb-color4-l),calc(var(--awb-color4-a) - 50%));\" data-form-id=\"91\" data-config=\"{&quot;form_id&quot;:&quot;91&quot;,&quot;form_post_id&quot;:&quot;91&quot;,&quot;post_id&quot;:88,&quot;form_type&quot;:&quot;ajax&quot;,&quot;confirmation_type&quot;:&quot;message&quot;,&quot;redirect_url&quot;:&quot;&quot;,&quot;field_labels&quot;:{&quot;vor-und-Nachname&quot;:&quot;Vor-und Nachname&quot;,&quot;email&quot;:&quot;Email&quot;,&quot;telefonnummer&quot;:&quot;Telefonnummer&quot;,&quot;thema&quot;:&quot;Thema&quot;,&quot;nachricht&quot;:&quot;Nachricht&quot;},&quot;field_logics&quot;:{&quot;vor-und-Nachname&quot;:&quot;&quot;,&quot;email&quot;:&quot;&quot;,&quot;telefonnummer&quot;:&quot;&quot;,&quot;thema&quot;:&quot;&quot;,&quot;nachricht&quot;:&quot;&quot;,&quot;notice_1&quot;:&quot;&quot;},&quot;field_types&quot;:{&quot;vor-und-Nachname&quot;:&quot;text&quot;,&quot;email&quot;:&quot;email&quot;,&quot;telefonnummer&quot;:&quot;phone_number&quot;,&quot;thema&quot;:&quot;text&quot;,&quot;nachricht&quot;:&quot;textarea&quot;,&quot;submit_1&quot;:&quot;submit&quot;,&quot;notice_1&quot;:&quot;notice&quot;},&quot;nonce_method&quot;:&quot;ajax&quot;}\"><form action=\"https:\/\/www.croatia-first-sailing.com\/es\/kontakt\/\" method=\"post\" class=\"fusion-form fusion-form-91\" data-trp-original-action=\"https:\/\/www.croatia-first-sailing.com\/es\/kontakt\/\"><div class=\"fusion-fullwidth fullwidth-box fusion-builder-row-1-1 fusion-flex-container nonhundred-percent-fullwidth non-hundred-percent-height-scrolling\" style=\"--awb-border-sizes-top:0px;--awb-border-sizes-bottom:0px;--awb-border-sizes-left:0px;--awb-border-sizes-right:0px;--awb-border-radius-top-left:0px;--awb-border-radius-top-right:0px;--awb-border-radius-bottom-right:0px;--awb-border-radius-bottom-left:0px;--awb-padding-top:0px;--awb-padding-right:0px;--awb-padding-bottom:0px;--awb-padding-left:0px;--awb-margin-top:0px;--awb-margin-bottom:0px;--awb-flex-wrap:wrap;\" ><div class=\"fusion-builder-row fusion-row fusion-flex-align-items-center fusion-flex-content-wrap\" style=\"width:calc( 100% + 15px ) !important;max-width:calc( 100% + 15px ) !important;margin-left: calc(-15px \/ 2 );margin-right: calc(-15px \/ 2 );\"><div class=\"fusion-layout-column fusion_builder_column fusion-builder-column-2 fusion_builder_column_1_2 1_2 fusion-flex-column\" style=\"--awb-bg-size:cover;--awb-width-large:50%;--awb-margin-top-large:0px;--awb-spacing-right-large:calc( 0.04 * calc( 100% - 15px ) );--awb-margin-bottom-large:0px;--awb-spacing-left-large:7.5px;--awb-width-medium:50%;--awb-order-medium:0;--awb-spacing-right-medium:calc( 0.04 * calc( 100% - 15px ) );--awb-spacing-left-medium:7.5px;--awb-width-small:100%;--awb-order-small:0;--awb-spacing-right-small:7.5px;--awb-spacing-left-small:7.5px;\"><div class=\"fusion-column-wrapper fusion-column-has-shadow fusion-flex-justify-content-flex-start fusion-content-layout-column\"><div class=\"fusion-form-field fusion-form-text-field fusion-form-label-above\" style=\"\" data-form-id=\"91\"><div class=\"fusion-form-label-wrapper\"><label for=\"vor-und-Nachname\">Nombre y apellidos <abbr class=\"fusion-form-element-required\" title=\"required\">*<\/abbr><\/label><\/div><input type=\"text\"  data-empty-notice=\"Dies ist ein Pflichtfeld\" name=\"vor-und-Nachname\" id=\"vor-und-Nachname\" value=\"\"  class=\"fusion-form-input\" required=\"true\" aria-required=\"true\" data-holds-private-data=\"false\" minlength=\"0\"\/><\/div><\/div><\/div><div class=\"fusion-layout-column fusion_builder_column fusion-builder-column-3 fusion_builder_column_1_2 1_2 fusion-flex-column\" style=\"--awb-bg-size:cover;--awb-width-large:50%;--awb-margin-top-large:0px;--awb-spacing-right-large:7.5px;--awb-margin-bottom-large:0px;--awb-spacing-left-large:calc( 0.04 * calc( 100% - 15px ) );--awb-width-medium:50%;--awb-order-medium:0;--awb-spacing-right-medium:7.5px;--awb-spacing-left-medium:calc( 0.04 * calc( 100% - 15px ) );--awb-width-small:100%;--awb-order-small:0;--awb-spacing-right-small:7.5px;--awb-spacing-left-small:7.5px;\"><div class=\"fusion-column-wrapper fusion-column-has-shadow fusion-flex-justify-content-flex-start fusion-content-layout-column\"><div class=\"fusion-form-field fusion-form-email-field fusion-form-label-above\" style=\"\" data-form-id=\"91\"><div class=\"fusion-form-label-wrapper\"><label for=\"email\">Correo electr\u00f3nico <abbr class=\"fusion-form-element-required\" title=\"required\">*<\/abbr><\/label><\/div><div class=\"fusion-form-input-with-icon\"><i class=\"awb-form-icon fa-envelope far\"><\/i><input type=\"email\" name=\"email\" id=\"email\" value=\"\"  class=\"fusion-form-input\" required=\"true\" aria-required=\"true\" data-holds-private-data=\"false\"\/><\/div><\/div><\/div><\/div><div class=\"fusion-layout-column fusion_builder_column fusion-builder-column-4 fusion_builder_column_1_1 1_1 fusion-flex-column\" style=\"--awb-bg-size:cover;--awb-width-large:100%;--awb-margin-top-large:0px;--awb-spacing-right-large:7.5px;--awb-margin-bottom-large:0px;--awb-spacing-left-large:7.5px;--awb-width-medium:100%;--awb-order-medium:0;--awb-spacing-right-medium:7.5px;--awb-spacing-left-medium:7.5px;--awb-width-small:100%;--awb-order-small:0;--awb-spacing-right-small:7.5px;--awb-spacing-left-small:7.5px;\"><div class=\"fusion-column-wrapper fusion-column-has-shadow fusion-flex-justify-content-flex-start fusion-content-layout-column\"><div class=\"fusion-form-field fusion-form-phone-number-field fusion-form-label-above\" style=\"\" data-form-id=\"91\"><div class=\"fusion-form-label-wrapper\"><label for=\"telefonnummer\">N\u00famero de tel\u00e9fono<\/label><\/div><div class=\"fusion-form-input-with-icon\"><i class=\"awb-form-icon mechanic-mobile\"><\/i><input type=\"tel\" name=\"telefonnummer\" id=\"telefonnummer\" value=\"\"  class=\"fusion-form-input\" data-holds-private-data=\"false\"\/><\/div><\/div><\/div><\/div><div class=\"fusion-layout-column fusion_builder_column fusion-builder-column-5 fusion_builder_column_1_1 1_1 fusion-flex-column\" style=\"--awb-bg-size:cover;--awb-width-large:100%;--awb-margin-top-large:0px;--awb-spacing-right-large:7.5px;--awb-margin-bottom-large:0px;--awb-spacing-left-large:7.5px;--awb-width-medium:100%;--awb-order-medium:0;--awb-spacing-right-medium:7.5px;--awb-spacing-left-medium:7.5px;--awb-width-small:100%;--awb-order-small:0;--awb-spacing-right-small:7.5px;--awb-spacing-left-small:7.5px;\"><div class=\"fusion-column-wrapper fusion-column-has-shadow fusion-flex-justify-content-flex-start fusion-content-layout-column\"><div class=\"fusion-form-field fusion-form-text-field fusion-form-label-above\" style=\"\" data-form-id=\"91\"><div class=\"fusion-form-label-wrapper\"><label for=\"thema\">Asunto <abbr class=\"fusion-form-element-required\" title=\"required\">*<\/abbr><\/label><\/div><div class=\"fusion-form-input-with-icon\"><i class=\"awb-form-icon fa-grip-lines fas\"><\/i><input type=\"text\"  data-empty-notice=\"Dies ist ein Pflichtfeld\" name=\"thema\" id=\"thema\" value=\"\"  class=\"fusion-form-input\" required=\"true\" aria-required=\"true\" data-holds-private-data=\"false\" minlength=\"0\"\/><\/div><\/div><\/div><\/div><div class=\"fusion-layout-column fusion_builder_column fusion-builder-column-6 fusion_builder_column_1_1 1_1 fusion-flex-column\" style=\"--awb-bg-size:cover;--awb-width-large:100%;--awb-margin-top-large:0px;--awb-spacing-right-large:7.5px;--awb-margin-bottom-large:20px;--awb-spacing-left-large:7.5px;--awb-width-medium:100%;--awb-order-medium:0;--awb-spacing-right-medium:7.5px;--awb-spacing-left-medium:7.5px;--awb-width-small:100%;--awb-order-small:0;--awb-spacing-right-small:7.5px;--awb-spacing-left-small:7.5px;\"><div class=\"fusion-column-wrapper fusion-column-has-shadow fusion-flex-justify-content-flex-start fusion-content-layout-column\"><div class=\"fusion-form-field fusion-form-textarea-field fusion-form-label-above\" style=\"\" data-form-id=\"91\"><label for=\"nachricht\">Mensaje <abbr class=\"fusion-form-element-required\" title=\"required\">*<\/abbr><\/label><div class=\"fusion-form-input-with-icon\"><i class=\"fa-align-left fas\"><\/i><textarea cols=\"40\" data-empty-notice=\"Dies ist ein Pflichtfeld\"  minlength=\"0\"  rows=\"4\" tabindex=\"\" id=\"nachricht\" name=\"nachricht\" class=\"fusion-form-input\" required=\"true\" aria-required=\"true\" data-holds-private-data=\"false\"><\/textarea><\/div><\/div><\/div><\/div><div class=\"fusion-layout-column fusion_builder_column fusion-builder-column-7 fusion_builder_column_1_1 1_1 fusion-flex-column\" style=\"--awb-bg-size:cover;--awb-width-large:100%;--awb-margin-top-large:0px;--awb-spacing-right-large:7.5px;--awb-margin-bottom-large:20px;--awb-spacing-left-large:7.5px;--awb-width-medium:100%;--awb-order-medium:0;--awb-spacing-right-medium:7.5px;--awb-spacing-left-medium:7.5px;--awb-width-small:100%;--awb-order-small:0;--awb-spacing-right-small:7.5px;--awb-spacing-left-small:7.5px;\"><div class=\"fusion-column-wrapper fusion-column-has-shadow fusion-flex-justify-content-flex-start fusion-content-layout-column\"><div class=\"fusion-form-field fusion-form-submit-field fusion-form-label-above senden\" style=\"\" data-form-id=\"91\"><div ><button type=\"submit\" class=\"fusion-button button-flat fusion-button-default-size button-custom fusion-button-default button-1 fusion-button-span-yes senden form-form-submit button-default fusion-has-button-gradient\" style=\"--button_accent_color:var(--awb-color1);--button_accent_hover_color:var(--awb-color1);--button_border_hover_color:var(--awb-color1);--button_border_width-top:0px;--button_border_width-right:0px;--button_border_width-bottom:0px;--button_border_width-left:0px;--button_gradient_angle:154deg;--button_gradient_top_color:var(--awb-color4);--button_gradient_bottom_color:hsla(calc(var(--awb-color6-h) + 5),calc(var(--awb-color6-s) + 5%),var(--awb-color6-l),var(--awb-color6-a));--button_gradient_top_color_hover:hsla(var(--awb-color7-h),var(--awb-color7-s),calc(var(--awb-color7-l) - 10%),var(--awb-color7-a));--button_gradient_bottom_color_hover:hsla(calc(var(--awb-color4-h) + 5),calc(var(--awb-color4-s) + 5%),calc(var(--awb-color4-l) - 10%),var(--awb-color4-a));--button_text_transform:var(--awb-typography3-text-transform);--button_font_size:var(--awb-typography3-font-size);--button_line_height:var(--awb-typography3-line-height);--button_padding-top:20px;--button_padding-bottom:20px;--button_typography-letter-spacing:var(--awb-typography3-letter-spacing);--button_typography-font-family:var(--awb-typography3-font-family);--button_typography-font-weight:var(--awb-typography3-font-weight);--button_typography-font-style:var(--awb-typography3-font-style);\" data-form-number=\"91\" tabindex=\"\"><span class=\"fusion-button-text\">Enviar<\/span><\/button><\/div><\/div><\/div><\/div><div class=\"fusion-layout-column fusion_builder_column fusion-builder-column-8 fusion_builder_column_1_1 1_1 fusion-flex-column\" style=\"--awb-bg-size:cover;--awb-width-large:100%;--awb-margin-top-large:0px;--awb-spacing-right-large:7.5px;--awb-margin-bottom-large:0px;--awb-spacing-left-large:7.5px;--awb-width-medium:100%;--awb-order-medium:0;--awb-spacing-right-medium:7.5px;--awb-spacing-left-medium:7.5px;--awb-width-small:100%;--awb-order-small:0;--awb-spacing-right-small:7.5px;--awb-spacing-left-small:7.5px;\"><div class=\"fusion-column-wrapper fusion-column-has-shadow fusion-flex-justify-content-flex-start fusion-content-layout-column\"><div class=\"form-submission-notices data-notice_1\" id=\"fusion-notices-1\"><div class=\"fusion-alert alert success alert-success fusion-alert-center fusion-form-response fusion-form-response-success awb-alert-native-link-color alert-dismissable awb-alert-close-boxed\" role=\"alert\"><div class=\"fusion-alert-content-wrapper\"><span class=\"alert-icon\"><i class=\"awb-icon-check-circle\" aria-hidden=\"true\"><\/i><\/span><span class=\"fusion-alert-content\">Gracias por tu mensaje. Ha sido enviado.<\/span><\/div><button type=\"button\" class=\"close toggle-alert\" data-dismiss=\"alert\" aria-label=\"Close\">Cerrar<\/button><\/div><div class=\"fusion-alert alert error alert-danger fusion-alert-center fusion-form-response fusion-form-response-error awb-alert-native-link-color alert-dismissable awb-alert-close-boxed\" role=\"alert\"><div class=\"fusion-alert-content-wrapper\"><span class=\"alert-icon\"><i class=\"awb-icon-exclamation-triangle\" aria-hidden=\"true\"><\/i><\/span><span class=\"fusion-alert-content\">Se produjo un error al enviar su mensaje. Int\u00e9ntelo de nuevo m\u00e1s tarde o env\u00ede un correo electr\u00f3nico directo a pjero.novakovic@gmail.com.<\/span><\/div><button type=\"button\" class=\"close toggle-alert\" data-dismiss=\"alert\" aria-label=\"Close\">Cerrar<\/button><\/div><\/div><\/div><\/div><\/div><\/div><input type=\"hidden\" name=\"trp-form-language\" value=\"es\"\/><\/form><\/div><\/div><\/div><\/div><\/div>","protected":false},"excerpt":{"rendered":"","protected":false},"author":1,"featured_media":0,"parent":0,"menu_order":0,"comment_status":"closed","ping_status":"closed","template":"","meta":{"_acf_changed":false,"footnotes":""},"class_list":["post-88","page","type-page","status-publish","hentry"],"acf":[],"_links":{"self":[{"href":"https:\/\/www.croatia-first-sailing.com\/es\/wp-json\/wp\/v2\/pages\/88","targetHints":{"allow":["GET"]}}],"collection":[{"href":"https:\/\/www.croatia-first-sailing.com\/es\/wp-json\/wp\/v2\/pages"}],"about":[{"href":"https:\/\/www.croatia-first-sailing.com\/es\/wp-json\/wp\/v2\/types\/page"}],"author":[{"embeddable":true,"href":"https:\/\/www.croatia-first-sailing.com\/es\/wp-json\/wp\/v2\/users\/1"}],"replies":[{"embeddable":true,"href":"https:\/\/www.croatia-first-sailing.com\/es\/wp-json\/wp\/v2\/comments?post=88"}],"version-history":[{"count":14,"href":"https:\/\/www.croatia-first-sailing.com\/es\/wp-json\/wp\/v2\/pages\/88\/revisions"}],"predecessor-version":[{"id":107,"href":"https:\/\/www.croatia-first-sailing.com\/es\/wp-json\/wp\/v2\/pages\/88\/revisions\/107"}],"wp:attachment":[{"href":"https:\/\/www.croatia-first-sailing.com\/es\/wp-json\/wp\/v2\/media?parent=88"}],"curies":[{"name":"wp","href":"https:\/\/api.w.org\/{rel}","templated":true}]}}