{"id":108,"date":"2023-03-31T15:02:36","date_gmt":"2023-03-31T15:02:36","guid":{"rendered":"https:\/\/www.croatia-first-sailing.com\/?page_id=108"},"modified":"2023-04-18T18:43:32","modified_gmt":"2023-04-18T18:43:32","slug":"rechtliche-seiten","status":"publish","type":"page","link":"https:\/\/www.croatia-first-sailing.com\/fr\/rechtliche-seiten\/","title":{"rendered":"Pages juridiques"},"content":{"rendered":"<div class=\"fusion-fullwidth fullwidth-box fusion-builder-row-1 fusion-flex-container has-pattern-background has-mask-background nonhundred-percent-fullwidth non-hundred-percent-height-scrolling\" style=\"--awb-border-radius-top-left:0px;--awb-border-radius-top-right:0px;--awb-border-radius-bottom-right:0px;--awb-border-radius-bottom-left:0px;--awb-flex-wrap:wrap;\" ><div class=\"fusion-builder-row fusion-row fusion-flex-align-items-flex-start fusion-flex-content-wrap\" style=\"max-width:1248px;margin-left: calc(-4% \/ 2 );margin-right: calc(-4% \/ 2 );\"><div class=\"fusion-layout-column fusion_builder_column fusion-builder-column-0 fusion_builder_column_1_1 1_1 fusion-flex-column\" style=\"--awb-bg-size:cover;--awb-width-large:100%;--awb-margin-top-large:0px;--awb-spacing-right-large:1.92%;--awb-margin-bottom-large:20px;--awb-spacing-left-large:1.92%;--awb-width-medium:100%;--awb-order-medium:0;--awb-spacing-right-medium:1.92%;--awb-spacing-left-medium:1.92%;--awb-width-small:100%;--awb-order-small:0;--awb-spacing-right-small:1.92%;--awb-spacing-left-small:1.92%;\"><div class=\"fusion-column-wrapper fusion-column-has-shadow fusion-flex-justify-content-flex-start fusion-content-layout-column\"><div class=\"fusion-text fusion-text-1\"><h1>Pages juridiques<\/h1>\n<p>Bienvenue sur les pages juridiques de https:\/\/www.croatia-first-sailing.com\/. Afin de vous garantir le meilleur service et protection possibles, nous avons cr\u00e9\u00e9 divers documents juridiques expliquant nos conditions g\u00e9n\u00e9rales, nos politiques de confidentialit\u00e9, nos politiques relatives aux cookies et nos exclusions de responsabilit\u00e9. Veuillez prendre le temps de lire les documents suivants pour vous assurer de bien comprendre nos pratiques commerciales et la protection de vos donn\u00e9es personnelles.<\/p>\n<ul>\n<li><span style=\"text-decoration: underline;\"><span style=\"color: #ff0000;\"><a style=\"color: #ff0000; text-decoration: underline;\" href=\"https:\/\/www.croatia-first-sailing.com\/fr\/rechtliche-seiten\/impressum\/\">Mentions l\u00e9gales<\/a><\/span><\/span><br \/>\nDans nos Mentions L\u00e9gales, vous trouverez des informations sur l'op\u00e9rateur du site et les coordonn\u00e9es de contact.<\/li>\n<li><span style=\"text-decoration: underline; color: #ff0000;\"><a style=\"color: #ff0000; text-decoration: underline;\" href=\"https:\/\/www.croatia-first-sailing.com\/fr\/rechtliche-seiten\/allgemeine-geschaeftsbedingungen\/\">Conditions g\u00e9n\u00e9rales de vente<\/a> (AGB)<\/span><br \/>\nNos Conditions G\u00e9n\u00e9rales de Vente contiennent des informations importantes concernant l'utilisation de notre site Web et les conditions dans lesquelles nous proposons nos services.<\/li>\n<li><span style=\"text-decoration: underline; color: #ff0000;\"><a style=\"color: #ff0000; text-decoration: underline;\" href=\"https:\/\/www.croatia-first-sailing.com\/fr\/rechtliche-seiten\/datenschutzrichtlinie\/\">Politique de confidentialit\u00e9<\/a><\/span><br \/>\nNotre Politique de Confidentialit\u00e9 explique comment nous collectons, utilisons, prot\u00e9geons et divulguons vos donn\u00e9es personnelles lorsque vous utilisez notre site Web ou lorsque vous faites appel \u00e0 nos services.<\/li>\n<li><span style=\"text-decoration: underline; color: #ff0000;\"><a style=\"color: #ff0000; text-decoration: underline;\" href=\"https:\/\/www.croatia-first-sailing.com\/fr\/rechtliche-seiten\/cookie-richtlinie\/\">Politique des cookies<\/a><\/span><br \/>\nNotre Politique des Cookies d\u00e9crit quels cookies sont utilis\u00e9s sur notre site Web, comment ils sont utilis\u00e9s et comment vous pouvez ajuster vos param\u00e8tres de cookies.<\/li>\n<li><span style=\"text-decoration: underline; color: #ff0000;\"><a style=\"color: #ff0000; text-decoration: underline;\" href=\"https:\/\/www.croatia-first-sailing.com\/fr\/rechtliche-seiten\/haftungsausschluss\/\">Avertissement l\u00e9gal<\/a><\/span><br \/>\nL'Avertissement L\u00e9gal contient des informations sur la responsabilit\u00e9 concernant le contenu, les liens et les droits d'auteur sur notre site Web.<\/li>\n<\/ul>\n<p>Si vous avez des questions concernant nos documents juridiques ou des pr\u00e9occupations concernant nos services, n'h\u00e9sitez pas \u00e0 nous contacter.<\/p>\n<\/div><\/div><\/div><\/div><\/div>","protected":false},"excerpt":{"rendered":"","protected":false},"author":1,"featured_media":0,"parent":0,"menu_order":0,"comment_status":"closed","ping_status":"closed","template":"100-width.php","meta":{"_acf_changed":false,"footnotes":""},"class_list":["post-108","page","type-page","status-publish","hentry"],"acf":[],"_links":{"self":[{"href":"https:\/\/www.croatia-first-sailing.com\/fr\/wp-json\/wp\/v2\/pages\/108","targetHints":{"allow":["GET"]}}],"collection":[{"href":"https:\/\/www.croatia-first-sailing.com\/fr\/wp-json\/wp\/v2\/pages"}],"about":[{"href":"https:\/\/www.croatia-first-sailing.com\/fr\/wp-json\/wp\/v2\/types\/page"}],"author":[{"embeddable":true,"href":"https:\/\/www.croatia-first-sailing.com\/fr\/wp-json\/wp\/v2\/users\/1"}],"replies":[{"embeddable":true,"href":"https:\/\/www.croatia-first-sailing.com\/fr\/wp-json\/wp\/v2\/comments?post=108"}],"version-history":[{"count":3,"href":"https:\/\/www.croatia-first-sailing.com\/fr\/wp-json\/wp\/v2\/pages\/108\/revisions"}],"predecessor-version":[{"id":237,"href":"https:\/\/www.croatia-first-sailing.com\/fr\/wp-json\/wp\/v2\/pages\/108\/revisions\/237"}],"wp:attachment":[{"href":"https:\/\/www.croatia-first-sailing.com\/fr\/wp-json\/wp\/v2\/media?parent=108"}],"curies":[{"name":"wp","href":"https:\/\/api.w.org\/{rel}","templated":true}]}}