{"id":223,"date":"2023-04-18T16:26:07","date_gmt":"2023-04-18T16:26:07","guid":{"rendered":"https:\/\/www.croatia-first-sailing.com\/?page_id=223"},"modified":"2023-04-18T16:29:37","modified_gmt":"2023-04-18T16:29:37","slug":"cookie-richtlinie","status":"publish","type":"page","link":"https:\/\/www.croatia-first-sailing.com\/fr\/rechtliche-seiten\/cookie-richtlinie\/","title":{"rendered":"Politique des cookies"},"content":{"rendered":"<div class=\"fusion-fullwidth fullwidth-box fusion-builder-row-1 fusion-flex-container has-pattern-background has-mask-background nonhundred-percent-fullwidth non-hundred-percent-height-scrolling\" style=\"--awb-border-radius-top-left:0px;--awb-border-radius-top-right:0px;--awb-border-radius-bottom-right:0px;--awb-border-radius-bottom-left:0px;--awb-flex-wrap:wrap;\" ><div class=\"fusion-builder-row fusion-row fusion-flex-align-items-flex-start fusion-flex-content-wrap\" style=\"max-width:1248px;margin-left: calc(-4% \/ 2 );margin-right: calc(-4% \/ 2 );\"><div class=\"fusion-layout-column fusion_builder_column fusion-builder-column-0 fusion_builder_column_1_1 1_1 fusion-flex-column\" style=\"--awb-bg-size:cover;--awb-width-large:100%;--awb-margin-top-large:0px;--awb-spacing-right-large:1.92%;--awb-margin-bottom-large:20px;--awb-spacing-left-large:1.92%;--awb-width-medium:100%;--awb-order-medium:0;--awb-spacing-right-medium:1.92%;--awb-spacing-left-medium:1.92%;--awb-width-small:100%;--awb-order-small:0;--awb-spacing-right-small:1.92%;--awb-spacing-left-small:1.92%;\"><div class=\"fusion-column-wrapper fusion-column-has-shadow fusion-flex-justify-content-flex-start fusion-content-layout-column\"><div class=\"fusion-text fusion-text-1\"><p><span style=\"float: right; margin-top: 21px;\">Letzte Aktualisierung: 18. 04. 2023<\/span><\/p>\n<h1>Politique des cookies<\/h1>\n<h2>1. Einf\u00fchrung<\/h2>\n<p>Diese Cookie-Richtlinie erkl\u00e4rt, wie &#8222;Jedrite s nama d.o.o.&#8220; (\u201ewir\u201c, \u201euns\u201c oder \u201eunser\u201c) auf der Website https:\/\/www.croatia-first-sailing.com\/ Cookies verwendet. Cookies sind kleine Textdateien, die auf Ihrem Ger\u00e4t gespeichert werden, wenn Sie eine Website besuchen. Sie erm\u00f6glichen es der Website, Informationen \u00fcber Ihr Verhalten und Ihre Pr\u00e4ferenzen zu speichern und zu lesen.<\/p>\n<h2>2. Verwendung von Cookies auf unserer Website<\/h2>\n<p>Wir verwenden ausschlie\u00dflich unbedingt erforderliche Cookies auf unserer Website. Unbedingt erforderliche Cookies sind solche, die f\u00fcr das ordnungsgem\u00e4\u00dfe Funktionieren der Website und ihrer Funktionen erforderlich sind. Ohne diese Cookies k\u00f6nnten bestimmte Bereiche und Funktionen der Website m\u00f6glicherweise nicht ordnungsgem\u00e4\u00df funktionieren.<\/p>\n<h2>3. Unbedingt erforderliche Cookies<\/h2>\n<p>Unbedingt erforderliche Cookies werden verwendet, um grundlegende Funktionen und die Sicherheit der Website zu gew\u00e4hrleisten. Sie erm\u00f6glichen es Ihnen, auf der Website zu navigieren und ihre Funktionen zu nutzen. Diese Cookies sammeln keine Informationen \u00fcber Sie, die f\u00fcr Marketingzwecke verwendet werden k\u00f6nnten, und sie speichern keine Informationen \u00fcber Ihre Pr\u00e4ferenzen oder Ihr Nutzungsverhalten.<\/p>\n<p>Einige Beispiele f\u00fcr unbedingt erforderliche Cookies sind:<\/p>\n<ul>\n<li>Sitzungscookies, die Ihnen erm\u00f6glichen, auf der Website zu navigieren und ihre Funktionen zu nutzen<\/li>\n<li>Sicherheitscookies, die dazu beitragen, die Sicherheit der Website und Ihrer pers\u00f6nlichen Daten zu gew\u00e4hrleisten<\/li>\n<\/ul>\n<h2>4. Verwaltung von Cookies<\/h2>\n<p>Da wir ausschlie\u00dflich unbedingt erforderliche Cookies verwenden, ist es nicht erforderlich, Ihre Zustimmung zu deren Verwendung einzuholen. Sie k\u00f6nnen jedoch die Einstellungen Ihres Browsers so anpassen, dass er Cookies ablehnt oder Sie benachrichtigt, wenn ein Cookie gesetzt wird. Beachten Sie jedoch, dass das Blockieren oder L\u00f6schen von Cookies dazu f\u00fchren kann, dass bestimmte Funktionen der Website eingeschr\u00e4nkt sind oder nicht ordnungsgem\u00e4\u00df funktionieren.<\/p>\n<p>Die meisten Browser bieten Anleitungen zum Verwalten von Cookies in der Hilfe-Funktion. Hier finden Sie Anleitungen zum Verwalten von Cookies in einigen g\u00e4ngigen Browsern:<\/p>\n<ul>\n<li><a href=\"https:\/\/support.google.com\/chrome\/answer\/95647\">Google Chrome<\/a><\/li>\n<li><a href=\"https:\/\/support.mozilla.org\/en-US\/kb\/clear-cookies-and-site-data-firefox\">Mozilla Firefox<\/a><\/li>\n<li><a href=\"https:\/\/support.microsoft.com\/de-de\/microsoft-edge\/cookies-in-microsoft-edge-l%C3%B6schen-63947406-40ac-c3b8-57b9-2a946a29ae09\">Microsoft Edge<\/a><\/li>\n<li><a href=\"https:\/\/support.apple.com\/de-de\/guide\/safari\/sfri11471\/mac\">Apple Safari<\/a><\/li>\n<\/ul>\n<h2>5. \u00c4nderungen der Cookie-Richtlinie<\/h2>\n<p>Wir behalten uns das Recht vor, diese Cookie-Richtlinie von Zeit zu Zeit zu \u00e4ndern, um aktuellen rechtlichen oder technischen Anforderungen gerecht zu werden. Die jeweils aktuelle Fassung der Cookie-Richtlinie ist auf unserer Website verf\u00fcgbar. Wir empfehlen Ihnen, diese regelm\u00e4\u00dfig zu \u00fcberpr\u00fcfen, um \u00fcber \u00c4nderungen informiert zu sein.<\/p>\n<h2>6. Kontakt<\/h2>\n<p>Wenn Sie Fragen oder Anliegen bez\u00fcglich unserer Cookie-Richtlinie haben, k\u00f6nnen Sie uns unter den folgenden Kontaktdaten erreichen:<\/p>\n<p>Jedrite s nama d.o.o.<br \/>\nGaj1, 21432 Stomorska, Kroatien<br \/>\nTelefon: +385915074315<br \/>\nE-Mail: info@croatia-first-sailing.com<br \/>\npjero.novakovic@gmail.com<\/p>\n<p>Bei Fragen zur Website k\u00f6nnen Sie sich auch an Tiaro Digital Agency wenden:<\/p>\n<p>E-Mail: privacy.officer@tiaro.ba oder info@tiaro.ba<br \/>\nWebsite: https:\/\/www.tiaro.ba<\/p>\n<\/div><\/div><\/div><\/div><\/div>","protected":false},"excerpt":{"rendered":"","protected":false},"author":1,"featured_media":0,"parent":108,"menu_order":0,"comment_status":"closed","ping_status":"closed","template":"100-width.php","meta":{"_acf_changed":false,"footnotes":""},"class_list":["post-223","page","type-page","status-publish","hentry"],"acf":[],"_links":{"self":[{"href":"https:\/\/www.croatia-first-sailing.com\/fr\/wp-json\/wp\/v2\/pages\/223","targetHints":{"allow":["GET"]}}],"collection":[{"href":"https:\/\/www.croatia-first-sailing.com\/fr\/wp-json\/wp\/v2\/pages"}],"about":[{"href":"https:\/\/www.croatia-first-sailing.com\/fr\/wp-json\/wp\/v2\/types\/page"}],"author":[{"embeddable":true,"href":"https:\/\/www.croatia-first-sailing.com\/fr\/wp-json\/wp\/v2\/users\/1"}],"replies":[{"embeddable":true,"href":"https:\/\/www.croatia-first-sailing.com\/fr\/wp-json\/wp\/v2\/comments?post=223"}],"version-history":[{"count":2,"href":"https:\/\/www.croatia-first-sailing.com\/fr\/wp-json\/wp\/v2\/pages\/223\/revisions"}],"predecessor-version":[{"id":225,"href":"https:\/\/www.croatia-first-sailing.com\/fr\/wp-json\/wp\/v2\/pages\/223\/revisions\/225"}],"up":[{"embeddable":true,"href":"https:\/\/www.croatia-first-sailing.com\/fr\/wp-json\/wp\/v2\/pages\/108"}],"wp:attachment":[{"href":"https:\/\/www.croatia-first-sailing.com\/fr\/wp-json\/wp\/v2\/media?parent=223"}],"curies":[{"name":"wp","href":"https:\/\/api.w.org\/{rel}","templated":true}]}}