{"id":108,"date":"2023-03-31T15:02:36","date_gmt":"2023-03-31T15:02:36","guid":{"rendered":"https:\/\/www.croatia-first-sailing.com\/?page_id=108"},"modified":"2023-04-18T18:43:32","modified_gmt":"2023-04-18T18:43:32","slug":"rechtliche-seiten","status":"publish","type":"page","link":"https:\/\/www.croatia-first-sailing.com\/hr\/rechtliche-seiten\/","title":{"rendered":"Pravne stranice"},"content":{"rendered":"<div class=\"fusion-fullwidth fullwidth-box fusion-builder-row-1 fusion-flex-container has-pattern-background has-mask-background nonhundred-percent-fullwidth non-hundred-percent-height-scrolling\" style=\"--awb-border-radius-top-left:0px;--awb-border-radius-top-right:0px;--awb-border-radius-bottom-right:0px;--awb-border-radius-bottom-left:0px;--awb-flex-wrap:wrap;\" ><div class=\"fusion-builder-row fusion-row fusion-flex-align-items-flex-start fusion-flex-content-wrap\" style=\"max-width:1248px;margin-left: calc(-4% \/ 2 );margin-right: calc(-4% \/ 2 );\"><div class=\"fusion-layout-column fusion_builder_column fusion-builder-column-0 fusion_builder_column_1_1 1_1 fusion-flex-column\" style=\"--awb-bg-size:cover;--awb-width-large:100%;--awb-margin-top-large:0px;--awb-spacing-right-large:1.92%;--awb-margin-bottom-large:20px;--awb-spacing-left-large:1.92%;--awb-width-medium:100%;--awb-order-medium:0;--awb-spacing-right-medium:1.92%;--awb-spacing-left-medium:1.92%;--awb-width-small:100%;--awb-order-small:0;--awb-spacing-right-small:1.92%;--awb-spacing-left-small:1.92%;\"><div class=\"fusion-column-wrapper fusion-column-has-shadow fusion-flex-justify-content-flex-start fusion-content-layout-column\"><div class=\"fusion-text fusion-text-1\"><h1>Pravne stranice<\/h1>\n<p>Dobrodo\u0161li na pravne stranice https:\/\/www.croatia-first-sailing.com\/. Kako bismo vam osigurali najbolju mogu\u0107u uslugu i za\u0161titu, izradili smo razne pravne dokumente koji obja\u0161njavaju na\u0161e uvjete i odredbe, pravila o privatnosti, pravila o kola\u010di\u0107ima i odricanja od odgovornosti. Molimo vas da odvojite vrijeme i pro\u010ditate sljede\u0107e dokumente kako biste bili sigurni da razumijete na\u0161e poslovne prakse i za\u0161titu va\u0161ih osobnih podataka.<\/p>\n<ul>\n<li><span style=\"text-decoration: underline;\"><span style=\"color: #ff0000;\"><a style=\"color: #ff0000; text-decoration: underline;\" href=\"https:\/\/www.croatia-first-sailing.com\/hr\/rechtliche-seiten\/impressum\/\">Pravne informacije<\/a><\/span><\/span><br \/>\nU na\u0161im Pravnim informacijama prona\u0107i \u0107ete informacije o operatoru web stranice i kontaktne podatke.<\/li>\n<li><span style=\"text-decoration: underline; color: #ff0000;\"><a style=\"color: #ff0000; text-decoration: underline;\" href=\"https:\/\/www.croatia-first-sailing.com\/hr\/rechtliche-seiten\/allgemeine-geschaeftsbedingungen\/\">Op\u0107i uvjeti<\/a> (AGB)<\/span><br \/>\nNa\u0161i Op\u0107i uvjeti poslovanja sadr\u017ee va\u017ene informacije o kori\u0161tenju na\u0161e web stranice i uvjetima pod kojima nudimo na\u0161e usluge.<\/li>\n<li><span style=\"text-decoration: underline; color: #ff0000;\"><a style=\"color: #ff0000; text-decoration: underline;\" href=\"https:\/\/www.croatia-first-sailing.com\/hr\/rechtliche-seiten\/datenschutzrichtlinie\/\">Pravila o privatnosti<\/a><\/span><br \/>\nNa\u0161a Pravila o privatnosti obja\u0161njavaju kako prikupljamo, koristimo, \u0161titimo i otkrivamo va\u0161e osobne podatke kada koristite na\u0161u web stranicu ili koristite na\u0161e usluge.<\/li>\n<li><span style=\"text-decoration: underline; color: #ff0000;\"><a style=\"color: #ff0000; text-decoration: underline;\" href=\"https:\/\/www.croatia-first-sailing.com\/hr\/rechtliche-seiten\/cookie-richtlinie\/\">Pravila o kola\u010di\u0107ima<\/a><\/span><br \/>\nNa\u0161a Pravila o kola\u010di\u0107ima opisuju koje se kola\u010di\u0107e koriste na na\u0161oj web stranici, kako se koriste i kako mo\u017eete prilagoditi svoje postavke kola\u010di\u0107a.<\/li>\n<li><span style=\"text-decoration: underline; color: #ff0000;\"><a style=\"color: #ff0000; text-decoration: underline;\" href=\"https:\/\/www.croatia-first-sailing.com\/hr\/rechtliche-seiten\/haftungsausschluss\/\">Odricanje od odgovornosti<\/a><\/span><br \/>\nOdricanje od odgovornosti sadr\u017ei informacije o odgovornosti za sadr\u017eaj, poveznice i autorska prava na na\u0161oj web stranici.<\/li>\n<\/ul>\n<p>Ako imate pitanja o na\u0161im pravnim dokumentima ili brige u vezi s na\u0161im uslugama, slobodno nas kontaktirajte.<\/p>\n<\/div><\/div><\/div><\/div><\/div>","protected":false},"excerpt":{"rendered":"","protected":false},"author":1,"featured_media":0,"parent":0,"menu_order":0,"comment_status":"closed","ping_status":"closed","template":"100-width.php","meta":{"_acf_changed":false,"footnotes":""},"class_list":["post-108","page","type-page","status-publish","hentry"],"acf":[],"_links":{"self":[{"href":"https:\/\/www.croatia-first-sailing.com\/hr\/wp-json\/wp\/v2\/pages\/108","targetHints":{"allow":["GET"]}}],"collection":[{"href":"https:\/\/www.croatia-first-sailing.com\/hr\/wp-json\/wp\/v2\/pages"}],"about":[{"href":"https:\/\/www.croatia-first-sailing.com\/hr\/wp-json\/wp\/v2\/types\/page"}],"author":[{"embeddable":true,"href":"https:\/\/www.croatia-first-sailing.com\/hr\/wp-json\/wp\/v2\/users\/1"}],"replies":[{"embeddable":true,"href":"https:\/\/www.croatia-first-sailing.com\/hr\/wp-json\/wp\/v2\/comments?post=108"}],"version-history":[{"count":3,"href":"https:\/\/www.croatia-first-sailing.com\/hr\/wp-json\/wp\/v2\/pages\/108\/revisions"}],"predecessor-version":[{"id":237,"href":"https:\/\/www.croatia-first-sailing.com\/hr\/wp-json\/wp\/v2\/pages\/108\/revisions\/237"}],"wp:attachment":[{"href":"https:\/\/www.croatia-first-sailing.com\/hr\/wp-json\/wp\/v2\/media?parent=108"}],"curies":[{"name":"wp","href":"https:\/\/api.w.org\/{rel}","templated":true}]}}